{"id":314,"date":"2022-07-04T23:15:54","date_gmt":"2022-07-05T02:15:54","guid":{"rendered":"https:\/\/inmunitas.com.ar\/web\/?page_id=314"},"modified":"2022-07-04T23:15:54","modified_gmt":"2022-07-05T02:15:54","slug":"vacunacion-en-adultos","status":"publish","type":"page","link":"https:\/\/inmunitas.com.ar\/web\/vacunas\/vacunacion-en-adultos\/","title":{"rendered":"Vacunaci\u00f3n en adultos"},"content":{"rendered":"<p>[vc_row][vc_column][vc_column_text]La vacunaci\u00f3n en adultos forma parte de la Historia Cl\u00ednica de cualquier paciente al ser atendido en cualquier Instituci\u00f3n de Salud.<\/p>\n<p>Es indispensable la concientizaci\u00f3n de la sociedad para la prevenci\u00f3n de enfermedades transmisibles de persona a persona, estacionales o en aquellos pacientes inmunocomprometidos.<\/p>\n<p>Es por ello que despu\u00e9s de todos \u00e9stos a\u00f1os, a\u00fan cuesta imponer como pol\u00edtica sanitaria su Importancia y llevarla al mismo nivel de cobertura que existe en la vacunaci\u00f3n infantil.<\/p>\n<p>Las Inmunizaciones en la poblaci\u00f3n adulta incluyen:<br \/>\n\u2022 Doble bacteriana: una dosis cada 10 a\u00f1os.<br \/>\n\u2022 Doble o triple viral: toda persona a partir de los 5 a\u00f1os debe acreditar 2 dosis de vacuna con componente contra sarampi\u00f3n y rubeola. Las personas nacidas antes del a\u00f1o 1965 se consideran inmunes por haber estado expuestas a ambos virus.<br \/>\n\u2022 Hepatitis B: desde 2012 es obligatoria para todas las personas de cualquier edad. Las personas no vacunadas deber\u00e1n iniciar el esquema de vacunaci\u00f3n de tres dosis. En el caso de haber recibido alguna dosis previa, completar con las dosis que falten.<br \/>\n\u2022 Antigripal: una dosis anual para los j\u00f3venes y adultos con ciertas enfermedades cr\u00f3nica. Son considerados factores de riesgo: obesidad, diabetes, enfermedades respiratorias, enfermedades card\u00edacas, inmunodeficiencias cong\u00e9nitas o adquiridas, pacientes oncohematol\u00f3gicos, trasplantados y\/o personas con insuficiencia renal cr\u00f3nica en di\u00e1lisis, entre otros.<br \/>\n\u2022 Fiebre Hemorr\u00e1gica Argentina: a partir de los 15 a\u00f1os en zonas de riesgo.<br \/>\n\u2022 Fiebre amarilla: para quienes viven en zona de riesgo provincia de Misiones, Corrientes y Formosa y algunos departamentos de Chaco, Salta y Jujuy<\/p>\n<p>Tambi\u00e9n se deben tener en cuenta las inmunizaciones del viajero, que se realizan en aquellas personas que necesitan movilizarse a una zona end\u00e9mica, por placer o por trabajo. Ej: Fiebre Amarilla (algunos pa\u00edses solicitan como requisito para ingresar a su territorio la presentaci\u00f3n del certificado internacional)[\/vc_column_text][\/vc_column][\/vc_row]<\/p>\n","protected":false},"excerpt":{"rendered":"<p>[vc_row][vc_column][vc_column_text]La vacunaci\u00f3n en adultos forma parte de la Historia Cl\u00ednica de cualquier paciente al ser atendido en cualquier Instituci\u00f3n de Salud. Es indispensable la concientizaci\u00f3n de la sociedad para la prevenci\u00f3n de enfermedades transmisibles de persona a persona, estacionales o en aquellos pacientes inmunocomprometidos. Es por ello que despu\u00e9s de todos \u00e9stos a\u00f1os, a\u00fan cuesta &hellip; <a href=\"https:\/\/inmunitas.com.ar\/web\/vacunas\/vacunacion-en-adultos\/\" class=\"more-link\">Continue reading <span class=\"screen-reader-text\">Vacunaci\u00f3n en adultos<\/span><\/a><\/p>\n","protected":false},"author":2,"featured_media":0,"parent":244,"menu_order":0,"comment_status":"closed","ping_status":"closed","template":"","meta":{"footnotes":""},"class_list":["post-314","page","type-page","status-publish","hentry"],"_links":{"self":[{"href":"https:\/\/inmunitas.com.ar\/web\/wp-json\/wp\/v2\/pages\/314","targetHints":{"allow":["GET"]}}],"collection":[{"href":"https:\/\/inmunitas.com.ar\/web\/wp-json\/wp\/v2\/pages"}],"about":[{"href":"https:\/\/inmunitas.com.ar\/web\/wp-json\/wp\/v2\/types\/page"}],"author":[{"embeddable":true,"href":"https:\/\/inmunitas.com.ar\/web\/wp-json\/wp\/v2\/users\/2"}],"replies":[{"embeddable":true,"href":"https:\/\/inmunitas.com.ar\/web\/wp-json\/wp\/v2\/comments?post=314"}],"version-history":[{"count":2,"href":"https:\/\/inmunitas.com.ar\/web\/wp-json\/wp\/v2\/pages\/314\/revisions"}],"predecessor-version":[{"id":316,"href":"https:\/\/inmunitas.com.ar\/web\/wp-json\/wp\/v2\/pages\/314\/revisions\/316"}],"up":[{"embeddable":true,"href":"https:\/\/inmunitas.com.ar\/web\/wp-json\/wp\/v2\/pages\/244"}],"wp:attachment":[{"href":"https:\/\/inmunitas.com.ar\/web\/wp-json\/wp\/v2\/media?parent=314"}],"curies":[{"name":"wp","href":"https:\/\/api.w.org\/{rel}","templated":true}]}}