{"id":310,"date":"2022-07-04T23:12:53","date_gmt":"2022-07-05T02:12:53","guid":{"rendered":"https:\/\/inmunitas.com.ar\/web\/?page_id=310"},"modified":"2024-05-07T12:41:31","modified_gmt":"2024-05-07T15:41:31","slug":"inmunizacion-por-puesto-de-trabajo","status":"publish","type":"page","link":"https:\/\/inmunitas.com.ar\/web\/vacunas\/inmunizacion-por-puesto-de-trabajo\/","title":{"rendered":"Inmunizaci\u00f3n por puesto de trabajo"},"content":{"rendered":"<p>[vc_row][vc_column][vc_column_text]Las campa\u00f1as de vacunaci\u00f3n bien dirigidas consiguen reducir la contagiosidad de determinadas enfermedades, protegiendo as\u00ed a los propios trabajadores, a sus familias, a los clientes de la empresa y a los visitantes frecuentes o espor\u00e1dicos de la misma. Adem\u00e1s, la empresa obtendr\u00e1 alg\u00fan rendimiento adicional, como la percepci\u00f3n positiva que el trabajador tendr\u00e1, en relaci\u00f3n a la preocupaci\u00f3n de la empresa por su salud, y la reducci\u00f3n de la tasa de absentismo por enfermedad.<\/p>\n<p>Dentro de las vacunas que la empresa puede ofrecer, si lo estima oportuno, al trabajador en general, independientemente del puesto que ocupe, como campa\u00f1a preventiva y de promoci\u00f3n de la salud, podr\u00edan estar, por ejemplo, las de la GRIPE, t\u00e9tanos, VPH (papiloma humano), etc.<\/p>\n<p>Una muestra de las vacunas que la empresa debe ofrecer y recomendar a sus trabajadores seg\u00fan el puesto de trabajo que ocupen, se puede ver en el siguiente cuadro:[\/vc_column_text][vc_single_image image=\u00bb412&#8243; img_size=\u00bbfull\u00bb alignment=\u00bbcenter\u00bb][\/vc_column][\/vc_row]<\/p>\n","protected":false},"excerpt":{"rendered":"<p>[vc_row][vc_column][vc_column_text]Las campa\u00f1as de vacunaci\u00f3n bien dirigidas consiguen reducir la contagiosidad de determinadas enfermedades, protegiendo as\u00ed a los propios trabajadores, a sus familias, a los clientes de la empresa y a los visitantes frecuentes o espor\u00e1dicos de la misma. Adem\u00e1s, la empresa obtendr\u00e1 alg\u00fan rendimiento adicional, como la percepci\u00f3n positiva que el trabajador tendr\u00e1, en relaci\u00f3n &hellip; <a href=\"https:\/\/inmunitas.com.ar\/web\/vacunas\/inmunizacion-por-puesto-de-trabajo\/\" class=\"more-link\">Continue reading <span class=\"screen-reader-text\">Inmunizaci\u00f3n por puesto de trabajo<\/span><\/a><\/p>\n","protected":false},"author":2,"featured_media":0,"parent":244,"menu_order":0,"comment_status":"closed","ping_status":"closed","template":"","meta":{"footnotes":""},"class_list":["post-310","page","type-page","status-publish","hentry"],"_links":{"self":[{"href":"https:\/\/inmunitas.com.ar\/web\/wp-json\/wp\/v2\/pages\/310","targetHints":{"allow":["GET"]}}],"collection":[{"href":"https:\/\/inmunitas.com.ar\/web\/wp-json\/wp\/v2\/pages"}],"about":[{"href":"https:\/\/inmunitas.com.ar\/web\/wp-json\/wp\/v2\/types\/page"}],"author":[{"embeddable":true,"href":"https:\/\/inmunitas.com.ar\/web\/wp-json\/wp\/v2\/users\/2"}],"replies":[{"embeddable":true,"href":"https:\/\/inmunitas.com.ar\/web\/wp-json\/wp\/v2\/comments?post=310"}],"version-history":[{"count":3,"href":"https:\/\/inmunitas.com.ar\/web\/wp-json\/wp\/v2\/pages\/310\/revisions"}],"predecessor-version":[{"id":413,"href":"https:\/\/inmunitas.com.ar\/web\/wp-json\/wp\/v2\/pages\/310\/revisions\/413"}],"up":[{"embeddable":true,"href":"https:\/\/inmunitas.com.ar\/web\/wp-json\/wp\/v2\/pages\/244"}],"wp:attachment":[{"href":"https:\/\/inmunitas.com.ar\/web\/wp-json\/wp\/v2\/media?parent=310"}],"curies":[{"name":"wp","href":"https:\/\/api.w.org\/{rel}","templated":true}]}}