{"id":250,"date":"2022-06-29T19:51:13","date_gmt":"2022-06-29T22:51:13","guid":{"rendered":"https:\/\/inmunitas.com.ar\/web\/?page_id=250"},"modified":"2022-07-01T15:52:33","modified_gmt":"2022-07-01T18:52:33","slug":"mas-acerca-de-las-vacunas","status":"publish","type":"page","link":"https:\/\/inmunitas.com.ar\/web\/vacunas\/mas-acerca-de-las-vacunas\/","title":{"rendered":"M\u00e1s acerca de las vacunas"},"content":{"rendered":"<p>[vc_row][vc_column width=\u00bb1\/2&#8243;]<div class=\"tm-element-heading-wrapper tm-heading-inner tm-element-align-left tm-seperator-solid tm-heading-style-vertical \"><section class=\"tm-vc_cta3-container\"><div class=\"tm-vc_general tm-vc_cta3 tm-cta3-only tm-vc_cta3-style-classic tm-vc_cta3-shape-rounded tm-vc_cta3-align-left tm-vc_cta3-color-transparent tm-vc_cta3-icon-size-md tm-vc_cta3-actions-no tm-cta3-with-desc\"><div class=\"tm-vc_cta3_content-container\"><div class=\"tm-vc_cta3-content\"><header class=\"tm-vc_cta3-content-header tm-wrap\"><div class=\"tm-vc_cta3-headers tm-wrap-cell\"><h2 style=\"font-size:28px;line-height:40px;\" class=\"tm-custom-heading \" >Las vacunas y el agua potable son las dos estrategias sanitarias que m\u00e1s vidas salvaron en la historia de la humanidad.<\/h2>\n<\/div><div class=\"heading-seperator\"><span><\/span><\/div><\/header><div class=\"tm-cta3-content-wrapper\">\n<p class=\"p1\"><span class=\"s1\">Gracias a las vacunas se ha logrado erradicar la viruela y estamos a un paso de lograrlo con la poliomielitis. Ellas lograron disminuir la incidencia y las muertes causadas por numerosas enfermedades como el sarampi\u00f3n, la rub\u00e9ola y la difteria entre muchas otras.<\/span><\/p>\n<p class=\"p1\"><span class=\"s1\">El crecimiento de los programas de vacunaci\u00f3n ha sido enorme, tenemos disponibles vacunas para todas las etapas de la vida. Nuestro pa\u00eds cuenta con 20 vacunas gratuitas y obligatorias, desde el sector privado apoyamos y colaboramos en forma permanente con las autoridades sanitarias para alcanzar m\u00e1s y mejores coberturas de vacunaci\u00f3n.\u00a0<\/span><\/p>\n<p><\/div><\/div><\/div><\/div><\/section><\/div> <!-- .tm-element-heading-wrapper container --> [\/vc_column][vc_column width=\u00bb1\/2&#8243;][vc_tta_accordion style=\u00bbmodern\u00bb active_section=\u00bb100&#8243;][vc_tta_section title=\u00bb\u00bfQu\u00e9 son las vacunas?\u00bb tab_id=\u00bb1656701337537-a7eb62f4-8b1f\u00bb][vc_column_text]Las vacunas son sustancias (derivadas de virus o bacterias) preparadas de forma tal que, al recibirlas, se genera en nuestro organismo una respuesta inmune protectora que se obtiene principalmente a trav\u00e9s de la producci\u00f3n de anticuerpos los cuales nos protegen contra las enfermedades que producen dichos microorganismos.[\/vc_column_text][\/vc_tta_section][vc_tta_section title=\u00bb\u00bfC\u00f3mo se elaboran las vacunas?\u00bb tab_id=\u00bb1656701337543-73909a57-ad97&#8243;][vc_column_text]Las vacunas se elaboran a trav\u00e9s de virus atenuados o bacterias muertas, inactivadas o utilizando partes de las mismas, a trav\u00e9s de ingenier\u00eda gen\u00e9tica u otras t\u00e9cnicas de producci\u00f3n.[\/vc_column_text][\/vc_tta_section][vc_tta_section title=\u00bb\u00bfQu\u00e9 sucede al vacunarnos?\u00bb tab_id=\u00bb1656701404695-8b8291df-a4ff\u00bb][vc_column_text]Se induce una respuesta del sistema inmunol\u00f3gico. \u00c9ste, genera anticuerpos espec\u00edficos (defensas) contra el microorganismo en el que nos vacunamos y de \u00e9sta forma cuando tenemos contacto con el virus o bacteria nuestro organismo lo reconoce y previene la infecci\u00f3n o hace que la enfermedad sea mas leve.[\/vc_column_text][\/vc_tta_section][vc_tta_section title=\u00bb\u00bfPor qu\u00e9 hay que vacunarnos?\u00bb tab_id=\u00bb1656701430480-94270c22-67a8&#8243;][vc_column_text]<\/p>\n<p class=\"p1\"><span class=\"s1\">El objetivo fundamental de la vacunaci\u00f3n es la protecci\u00f3n de la persona vacunada frente a las enfermedades. Pero \u00e9ste no es el \u00fanico, otro muy importante es la protecci\u00f3n indirecta del resto de las personas. Si todos nos vacunamos se interrumpe la circulaci\u00f3n de los virus y las bacterias y se protege en forma indirecta a quienes no pueden vacunarse.<span class=\"Apple-converted-space\">\u00a0<\/span>Esto ha sido claramente demostrado en pa\u00edses que implementaron la vacunaci\u00f3n masiva como parte de los programas de salud p\u00fablica.<\/span><\/p>\n<p class=\"p1\"><span class=\"s1\">Por lo tanto, tenemos que considerar que la vacunaci\u00f3n es un acto de protecci\u00f3n individual pero que tambi\u00e9n tiene un impacto social y colectivo muy importante.<\/span><\/p>\n<p>[\/vc_column_text][\/vc_tta_section][vc_tta_section title=\u00bb\u00bfQu\u00e9 logros se han conseguido gracias a las vacunas?\u00bb tab_id=\u00bb1656701453986-6d5a6f73-b997&#8243;][vc_column_text]<\/p>\n<p class=\"p1\"><span class=\"s1\">Los logros han sido muchos, en particular en los \u00faltimos 50 a\u00f1os. Se ha logrado erradicar la viruela, estamos a un paso de erradicar la polio, la regi\u00f3n de las Am\u00e9ricas ha logrado eliminar la rub\u00e9ola y el sarampi\u00f3n, adem\u00e1s numerosas enfermedades han sido controladas.<\/span><\/p>\n<p class=\"p1\"><span class=\"s1\">Estos logros tan importantes nos obligan a redoblar los esfuerzos y seguir trabajando con el objetivo permanente de reducir la carga de las enfermedades prevenibles a trav\u00e9s de las vacunas y de esta forma disminuir la morbilidad y la mortalidad de las mismas.<\/span><\/p>\n<p>[\/vc_column_text][\/vc_tta_section][\/vc_tta_accordion][\/vc_column][\/vc_row]<\/p>\n","protected":false},"excerpt":{"rendered":"<p>[vc_row][vc_column width=\u00bb1\/2&#8243;][\/vc_column][vc_column width=\u00bb1\/2&#8243;][vc_tta_accordion style=\u00bbmodern\u00bb active_section=\u00bb100&#8243;][vc_tta_section title=\u00bb\u00bfQu\u00e9 son las vacunas?\u00bb tab_id=\u00bb1656701337537-a7eb62f4-8b1f\u00bb][vc_column_text]Las vacunas son sustancias (derivadas de virus o bacterias) preparadas de forma tal que, al recibirlas, se genera en nuestro organismo una respuesta inmune protectora que se obtiene principalmente a trav\u00e9s de la producci\u00f3n de anticuerpos los cuales nos protegen contra las enfermedades que producen dichos &hellip; <a href=\"https:\/\/inmunitas.com.ar\/web\/vacunas\/mas-acerca-de-las-vacunas\/\" class=\"more-link\">Continue reading <span class=\"screen-reader-text\">M\u00e1s acerca de las vacunas<\/span><\/a><\/p>\n","protected":false},"author":2,"featured_media":0,"parent":244,"menu_order":0,"comment_status":"closed","ping_status":"closed","template":"","meta":{"footnotes":""},"class_list":["post-250","page","type-page","status-publish","hentry"],"_links":{"self":[{"href":"https:\/\/inmunitas.com.ar\/web\/wp-json\/wp\/v2\/pages\/250","targetHints":{"allow":["GET"]}}],"collection":[{"href":"https:\/\/inmunitas.com.ar\/web\/wp-json\/wp\/v2\/pages"}],"about":[{"href":"https:\/\/inmunitas.com.ar\/web\/wp-json\/wp\/v2\/types\/page"}],"author":[{"embeddable":true,"href":"https:\/\/inmunitas.com.ar\/web\/wp-json\/wp\/v2\/users\/2"}],"replies":[{"embeddable":true,"href":"https:\/\/inmunitas.com.ar\/web\/wp-json\/wp\/v2\/comments?post=250"}],"version-history":[{"count":7,"href":"https:\/\/inmunitas.com.ar\/web\/wp-json\/wp\/v2\/pages\/250\/revisions"}],"predecessor-version":[{"id":274,"href":"https:\/\/inmunitas.com.ar\/web\/wp-json\/wp\/v2\/pages\/250\/revisions\/274"}],"up":[{"embeddable":true,"href":"https:\/\/inmunitas.com.ar\/web\/wp-json\/wp\/v2\/pages\/244"}],"wp:attachment":[{"href":"https:\/\/inmunitas.com.ar\/web\/wp-json\/wp\/v2\/media?parent=250"}],"curies":[{"name":"wp","href":"https:\/\/api.w.org\/{rel}","templated":true}]}}